{"id":23,"date":"2016-11-18T10:26:30","date_gmt":"2016-11-18T09:26:30","guid":{"rendered":"http:\/\/www.lvpc.gouby.fr\/?page_id=23"},"modified":"2016-11-18T15:22:28","modified_gmt":"2016-11-18T14:22:28","slug":"les-jambes","status":"publish","type":"page","link":"https:\/\/www.la-vie-pour-christie.com\/index.php\/la-maladie\/les-jambes\/","title":{"rendered":"Les jambes"},"content":{"rendered":"<blockquote>\n<p align=\"left\">Ces l\u00e9sions sont diff\u00e9rentes de celles de leurs visages et de leurs bras. Elles ressemblent \u00e0 des br\u00fblures. Elles \u00e9voluent et d\u00e9g\u00e9n\u00e8rent en quelques jours sans que nous parvenions \u00e0 les contr\u00f4ler.<\/p>\n<p align=\"left\">\n<\/blockquote>\n<p>&nbsp;<\/p>\n<p><img loading=\"lazy\" decoding=\"async\" class=\"alignnone size-medium wp-image-287\" src=\"http:\/\/www.la-vie-pour-christie.com\/wp-content\/uploads\/2016\/11\/IMGP2631-239x300.jpg\" alt=\"imgp2631\" width=\"239\" height=\"300\" srcset=\"https:\/\/www.la-vie-pour-christie.com\/wp-content\/uploads\/2016\/11\/IMGP2631-239x300.jpg 239w, https:\/\/www.la-vie-pour-christie.com\/wp-content\/uploads\/2016\/11\/IMGP2631.jpg 264w\" sizes=\"auto, (max-width: 239px) 100vw, 239px\" \/> <img loading=\"lazy\" decoding=\"async\" class=\"alignnone size-medium wp-image-288\" src=\"http:\/\/www.la-vie-pour-christie.com\/wp-content\/uploads\/2016\/11\/IMGP2638-193x300.jpg\" alt=\"imgp2638\" width=\"193\" height=\"300\" srcset=\"https:\/\/www.la-vie-pour-christie.com\/wp-content\/uploads\/2016\/11\/IMGP2638-193x300.jpg 193w, https:\/\/www.la-vie-pour-christie.com\/wp-content\/uploads\/2016\/11\/IMGP2638.jpg 215w\" sizes=\"auto, (max-width: 193px) 100vw, 193px\" \/> <img loading=\"lazy\" decoding=\"async\" class=\"alignnone size-medium wp-image-289\" src=\"http:\/\/www.la-vie-pour-christie.com\/wp-content\/uploads\/2016\/11\/IMGP2644-136x300.jpg\" alt=\"imgp2644\" width=\"136\" height=\"300\" srcset=\"https:\/\/www.la-vie-pour-christie.com\/wp-content\/uploads\/2016\/11\/IMGP2644-136x300.jpg 136w, https:\/\/www.la-vie-pour-christie.com\/wp-content\/uploads\/2016\/11\/IMGP2644.jpg 184w\" sizes=\"auto, (max-width: 136px) 100vw, 136px\" \/> <img loading=\"lazy\" decoding=\"async\" class=\"alignnone size-medium wp-image-290\" src=\"http:\/\/www.la-vie-pour-christie.com\/wp-content\/uploads\/2016\/11\/photo57-300x275.jpg\" alt=\"photo57\" width=\"300\" height=\"275\" srcset=\"https:\/\/www.la-vie-pour-christie.com\/wp-content\/uploads\/2016\/11\/photo57-300x275.jpg 300w, https:\/\/www.la-vie-pour-christie.com\/wp-content\/uploads\/2016\/11\/photo57.jpg 320w\" sizes=\"auto, (max-width: 300px) 100vw, 300px\" \/> <img loading=\"lazy\" decoding=\"async\" class=\"alignnone size-medium wp-image-292\" src=\"http:\/\/www.la-vie-pour-christie.com\/wp-content\/uploads\/2016\/11\/IMGP2654-225x300.jpg\" alt=\"imgp2654\" width=\"225\" height=\"300\" srcset=\"https:\/\/www.la-vie-pour-christie.com\/wp-content\/uploads\/2016\/11\/IMGP2654-225x300.jpg 225w, https:\/\/www.la-vie-pour-christie.com\/wp-content\/uploads\/2016\/11\/IMGP2654-768x1024.jpg 768w, https:\/\/www.la-vie-pour-christie.com\/wp-content\/uploads\/2016\/11\/IMGP2654.jpg 1500w\" sizes=\"auto, (max-width: 225px) 100vw, 225px\" \/> <img loading=\"lazy\" decoding=\"async\" class=\"alignnone size-medium wp-image-293\" src=\"http:\/\/www.la-vie-pour-christie.com\/wp-content\/uploads\/2016\/11\/IMGP2656-225x300.jpg\" alt=\"imgp2656\" width=\"225\" height=\"300\" srcset=\"https:\/\/www.la-vie-pour-christie.com\/wp-content\/uploads\/2016\/11\/IMGP2656-225x300.jpg 225w, https:\/\/www.la-vie-pour-christie.com\/wp-content\/uploads\/2016\/11\/IMGP2656-768x1024.jpg 768w\" sizes=\"auto, (max-width: 225px) 100vw, 225px\" \/><\/p>\n","protected":false},"excerpt":{"rendered":"<p>Ces l\u00e9sions sont diff\u00e9rentes de celles de leurs visages et de leurs bras. Elles ressemblent \u00e0 des br\u00fblures. Elles \u00e9voluent et d\u00e9g\u00e9n\u00e8rent en quelques jours sans que nous parvenions \u00e0 les contr\u00f4ler. &nbsp;<\/p>\n","protected":false},"author":1,"featured_media":0,"parent":16,"menu_order":3,"comment_status":"closed","ping_status":"closed","template":"","meta":{"footnotes":""},"class_list":["post-23","page","type-page","status-publish","hentry"],"_links":{"self":[{"href":"https:\/\/www.la-vie-pour-christie.com\/index.php\/wp-json\/wp\/v2\/pages\/23","targetHints":{"allow":["GET"]}}],"collection":[{"href":"https:\/\/www.la-vie-pour-christie.com\/index.php\/wp-json\/wp\/v2\/pages"}],"about":[{"href":"https:\/\/www.la-vie-pour-christie.com\/index.php\/wp-json\/wp\/v2\/types\/page"}],"author":[{"embeddable":true,"href":"https:\/\/www.la-vie-pour-christie.com\/index.php\/wp-json\/wp\/v2\/users\/1"}],"replies":[{"embeddable":true,"href":"https:\/\/www.la-vie-pour-christie.com\/index.php\/wp-json\/wp\/v2\/comments?post=23"}],"version-history":[{"count":3,"href":"https:\/\/www.la-vie-pour-christie.com\/index.php\/wp-json\/wp\/v2\/pages\/23\/revisions"}],"predecessor-version":[{"id":294,"href":"https:\/\/www.la-vie-pour-christie.com\/index.php\/wp-json\/wp\/v2\/pages\/23\/revisions\/294"}],"up":[{"embeddable":true,"href":"https:\/\/www.la-vie-pour-christie.com\/index.php\/wp-json\/wp\/v2\/pages\/16"}],"wp:attachment":[{"href":"https:\/\/www.la-vie-pour-christie.com\/index.php\/wp-json\/wp\/v2\/media?parent=23"}],"curies":[{"name":"wp","href":"https:\/\/api.w.org\/{rel}","templated":true}]}}